{"id":730,"date":"2024-02-08T03:58:57","date_gmt":"2024-02-08T03:58:57","guid":{"rendered":"https:\/\/ecolemathplus.com\/blog\/"},"modified":"2024-02-10T03:29:16","modified_gmt":"2024-02-10T03:29:16","slug":"blog","status":"publish","type":"page","link":"https:\/\/ecolemathplus.com\/en\/blog\/","title":{"rendered":"Blog"},"content":{"rendered":"<p><div class=\"fusion-fullwidth fullwidth-box fusion-builder-row-1 fusion-flex-container nonhundred-percent-fullwidth non-hundred-percent-height-scrolling\" style=\"--awb-border-radius-top-left:0px;--awb-border-radius-top-right:0px;--awb-border-radius-bottom-right:0px;--awb-border-radius-bottom-left:0px;--awb-padding-top:150px;--awb-flex-wrap:wrap;\" ><div class=\"fusion-builder-row fusion-row fusion-flex-align-items-flex-start fusion-flex-content-wrap\" style=\"max-width:1248px;margin-left: calc(-4% \/ 2 );margin-right: calc(-4% \/ 2 );\"><div class=\"fusion-layout-column fusion_builder_column fusion-builder-column-0 fusion_builder_column_1_1 1_1 fusion-flex-column\" style=\"--awb-bg-size:cover;--awb-width-large:100%;--awb-margin-top-large:0px;--awb-spacing-right-large:1.92%;--awb-margin-bottom-large:20px;--awb-spacing-left-large:1.92%;--awb-width-medium:100%;--awb-order-medium:0;--awb-spacing-right-medium:1.92%;--awb-spacing-left-medium:1.92%;--awb-width-small:100%;--awb-order-small:0;--awb-spacing-right-small:1.92%;--awb-margin-bottom-small:0px;--awb-spacing-left-small:1.92%;\"><div class=\"fusion-column-wrapper fusion-column-has-shadow fusion-flex-justify-content-flex-start fusion-content-layout-column\"><div class=\"fusion-title title fusion-title-1 fusion-sep-none fusion-title-center fusion-title-text fusion-title-size-two\" style=\"--awb-text-color:#648c44;\"><h2 class=\"fusion-title-heading title-heading-center\" style=\"margin:0;\">Blog<\/h2><\/div><\/div><\/div><\/div><\/div><div class=\"fusion-fullwidth fullwidth-box fusion-builder-row-2 fusion-flex-container has-pattern-background has-mask-background nonhundred-percent-fullwidth non-hundred-percent-height-scrolling\" style=\"--link_hover_color: #648c44;--link_color: #3d3d3d;--awb-border-radius-top-left:0px;--awb-border-radius-top-right:0px;--awb-border-radius-bottom-right:0px;--awb-border-radius-bottom-left:0px;--awb-padding-top:0px;--awb-padding-right:180px;--awb-padding-bottom:50px;--awb-padding-left:180px;--awb-padding-top-medium:31px;--awb-padding-right-medium:50px;--awb-padding-left-medium:50px;--awb-padding-top-small:100px;--awb-padding-right-small:50px;--awb-padding-bottom-small:100px;--awb-padding-left-small:50px;--awb-flex-wrap:wrap;\" ><div class=\"fusion-builder-row fusion-row fusion-flex-align-items-flex-start fusion-flex-content-wrap\" style=\"max-width:1248px;margin-left: calc(-4% \/ 2 );margin-right: calc(-4% \/ 2 );\"><div class=\"fusion-layout-column fusion_builder_column fusion-builder-column-1 fusion_builder_column_1_1 1_1 fusion-flex-column fusion-flex-align-self-flex-start\" style=\"--awb-padding-right:47px;--awb-padding-right-small:0px;--awb-bg-size:cover;--awb-width-large:100%;--awb-margin-top-large:0px;--awb-spacing-right-large:0%;--awb-margin-bottom-large:20px;--awb-spacing-left-large:1.92%;--awb-width-medium:100%;--awb-order-medium:0;--awb-spacing-right-medium:0%;--awb-spacing-left-medium:1.92%;--awb-width-small:100%;--awb-order-small:0;--awb-spacing-right-small:1.92%;--awb-spacing-left-small:1.92%;\"><div class=\"fusion-column-wrapper fusion-column-has-shadow fusion-flex-justify-content-center fusion-content-layout-column\"><div class=\"fusion-blog-shortcode fusion-blog-shortcode-1 fusion-blog-archive fusion-blog-layout-grid-wrapper fusion-blog-pagination\" style=\"--awb-title-font-size:20px;--awb-title-font-family:&quot;Montserrat&quot;;--awb-title-font-style:normal;--awb-title-font-weight:800;\"><style type=\"text\/css\">.fusion-blog-shortcode-1 .fusion-blog-layout-grid .fusion-post-grid{padding:20px;}.fusion-blog-shortcode-1 .fusion-posts-container{margin-left: -20px !important; margin-right:-20px !important;}<\/style><div class=\"fusion-posts-container fusion-posts-container-pagination fusion-blog-layout-grid fusion-blog-layout-grid-3 isotope fusion-blog-equal-heights\" data-pages=\"1\" data-grid-col-space=\"40\" style=\"margin: -20px -20px 0;min-height:500px;\"><article id=\"blog-1-post-1145\" class=\"fusion-post-grid post-1145 post type-post status-publish format-standard has-post-thumbnail hentry category-non-classifiee\">\n<div class=\"fusion-post-wrapper\" style=\"background-color:rgba(255,255,255,1);border:1px solid rgba(5,5,5,0.2);border-bottom-width:3px;\">\n\n\t\t\t<div class=\"fusion-flexslider flexslider fusion-flexslider-loading fusion-post-slideshow\" style=\"border-color:rgba(5,5,5,0.2);\">\n\t\t<ul class=\"slides\">\n\t\t\t\n\t\t\t\t\t\t\t\t\t\t\t\t\t\t<li><div  class=\"fusion-image-wrapper\" aria-haspopup=\"true\">\n\t\t\t\t\t\t\t<a href=\"https:\/\/ecolemathplus.com\/en\/2024\/08\/16\/maximize-your-math-learning-with-learning-with-online-and-in-person\/\" aria-label=\"How Online and In-Person Math Classes with a Tutor Help You Maximize Your Learning\">\n\t\t\t\t\t\t\t<img decoding=\"async\" width=\"2560\" height=\"1707\" src=\"https:\/\/ecolemathplus.com\/wp-content\/uploads\/2024\/08\/iStock-1284133754-scaled.jpg\" class=\"attachment-full size-full wp-post-image\" alt=\"\" srcset=\"https:\/\/ecolemathplus.com\/wp-content\/uploads\/2024\/08\/iStock-1284133754-200x133.jpg 200w, https:\/\/ecolemathplus.com\/wp-content\/uploads\/2024\/08\/iStock-1284133754-400x267.jpg 400w, https:\/\/ecolemathplus.com\/wp-content\/uploads\/2024\/08\/iStock-1284133754-600x400.jpg 600w, https:\/\/ecolemathplus.com\/wp-content\/uploads\/2024\/08\/iStock-1284133754-800x533.jpg 800w, https:\/\/ecolemathplus.com\/wp-content\/uploads\/2024\/08\/iStock-1284133754-1200x800.jpg 1200w, https:\/\/ecolemathplus.com\/wp-content\/uploads\/2024\/08\/iStock-1284133754-scaled.jpg 2560w\" sizes=\"(min-width: 2200px) 100vw, (min-width: 784px) 373px, (min-width: 712px) 560px, (min-width: 640px) 712px, \" \/>\t\t\t<\/a>\n\t\t\t\t\t\t\t<\/div>\n<\/li>\n\t\t\t\n\t\t\t\n\t\t\t\t\t\t\t\t\t\t\t\t\t\t\t\t\t\t\t\t\t\t\t\t\t\t\t\t\t\t\t\t\t\t\t\t\t\t\t\t\t\t\t\t\t\t\t\t\t\t\t\t\t\t\t\t\t\t\t\t\t\t\t\t\t\t\t\t<\/ul>\n\t<\/div>\n\t<div class=\"fusion-post-content-wrapper\" style=\"padding:30px 25px 25px 25px;\"><div class=\"fusion-post-content post-content\"><h2 class=\"blog-shortcode-post-title entry-title\"><a href=\"https:\/\/ecolemathplus.com\/en\/2024\/08\/16\/maximize-your-math-learning-with-learning-with-online-and-in-person\/\">How Online and In-Person Math Classes with a Tutor Help You Maximize Your Learning<\/a><\/h2><div class=\"fusion-content-sep sep-none\"><\/div><div class=\"fusion-post-content-container\"><p>One key factor to consider when enhancing your math learning with a tutor is that you will get the most from your math courses, whether online or [\u2026]<\/p>\n<\/div><\/div><div class=\"fusion-meta-info\"><div class=\"fusion-alignleft\"><a class=\"fusion-read-more\" href=\"https:\/\/ecolemathplus.com\/en\/2024\/08\/16\/maximize-your-math-learning-with-learning-with-online-and-in-person\/\" aria-label=\"More on How Online and In-Person Math Classes with a Tutor Help You Maximize Your Learning\">Read More<\/a><\/div><\/div><\/div><div class=\"fusion-clearfix\"><\/div><\/div>\n<\/article>\n<article id=\"blog-1-post-1132\" class=\"fusion-post-grid post-1132 post type-post status-publish format-standard has-post-thumbnail hentry category-non-classifiee\">\n<div class=\"fusion-post-wrapper\" style=\"background-color:rgba(255,255,255,1);border:1px solid rgba(5,5,5,0.2);border-bottom-width:3px;\">\n\n\t\t\t<div class=\"fusion-flexslider flexslider fusion-flexslider-loading fusion-post-slideshow\" style=\"border-color:rgba(5,5,5,0.2);\">\n\t\t<ul class=\"slides\">\n\t\t\t\n\t\t\t\t\t\t\t\t\t\t\t\t\t\t<li><div  class=\"fusion-image-wrapper\" aria-haspopup=\"true\">\n\t\t\t\t\t\t\t<a href=\"https:\/\/ecolemathplus.com\/en\/2024\/08\/15\/how-math-tutoring-empowers-student-success\/\" aria-label=\"How Math Tutoring Can Help Children Succeed\">\n\t\t\t\t\t\t\t<img decoding=\"async\" width=\"2560\" height=\"1707\" src=\"https:\/\/ecolemathplus.com\/wp-content\/uploads\/2024\/08\/iStock-1570178815-scaled.jpg\" class=\"attachment-full size-full wp-post-image\" alt=\"\" srcset=\"https:\/\/ecolemathplus.com\/wp-content\/uploads\/2024\/08\/iStock-1570178815-200x133.jpg 200w, https:\/\/ecolemathplus.com\/wp-content\/uploads\/2024\/08\/iStock-1570178815-400x267.jpg 400w, https:\/\/ecolemathplus.com\/wp-content\/uploads\/2024\/08\/iStock-1570178815-600x400.jpg 600w, https:\/\/ecolemathplus.com\/wp-content\/uploads\/2024\/08\/iStock-1570178815-800x534.jpg 800w, https:\/\/ecolemathplus.com\/wp-content\/uploads\/2024\/08\/iStock-1570178815-1200x800.jpg 1200w, https:\/\/ecolemathplus.com\/wp-content\/uploads\/2024\/08\/iStock-1570178815-scaled.jpg 2560w\" sizes=\"(min-width: 2200px) 100vw, (min-width: 784px) 373px, (min-width: 712px) 560px, (min-width: 640px) 712px, \" \/>\t\t\t<\/a>\n\t\t\t\t\t\t\t<\/div>\n<\/li>\n\t\t\t\n\t\t\t\n\t\t\t\t\t\t\t\t\t\t\t\t\t\t\t\t\t\t\t\t\t\t\t\t\t\t\t\t\t\t\t\t\t\t\t\t\t\t\t\t\t\t\t\t\t\t\t\t\t\t\t\t\t\t\t\t\t\t\t\t\t\t\t\t\t\t\t\t<\/ul>\n\t<\/div>\n\t<div class=\"fusion-post-content-wrapper\" style=\"padding:30px 25px 25px 25px;\"><div class=\"fusion-post-content post-content\"><h2 class=\"blog-shortcode-post-title entry-title\"><a href=\"https:\/\/ecolemathplus.com\/en\/2024\/08\/15\/how-math-tutoring-empowers-student-success\/\">How Math Tutoring Can Help Children Succeed<\/a><\/h2><div class=\"fusion-content-sep sep-none\"><\/div><div class=\"fusion-post-content-container\"><p>Mathematics is a foundational subject that plays a crucial role in a child\u2019s education and future career prospects. However, many students struggle with math at some point [\u2026]<\/p>\n<\/div><\/div><div class=\"fusion-meta-info\"><div class=\"fusion-alignleft\"><a class=\"fusion-read-more\" href=\"https:\/\/ecolemathplus.com\/en\/2024\/08\/15\/how-math-tutoring-empowers-student-success\/\" aria-label=\"More on How Math Tutoring Can Help Children Succeed\">Read More<\/a><\/div><\/div><\/div><div class=\"fusion-clearfix\"><\/div><\/div>\n<\/article>\n<article id=\"blog-1-post-1123\" class=\"fusion-post-grid post-1123 post type-post status-publish format-standard has-post-thumbnail hentry category-non-classifiee\">\n<div class=\"fusion-post-wrapper\" style=\"background-color:rgba(255,255,255,1);border:1px solid rgba(5,5,5,0.2);border-bottom-width:3px;\">\n\n\t\t\t<div class=\"fusion-flexslider flexslider fusion-flexslider-loading fusion-post-slideshow\" style=\"border-color:rgba(5,5,5,0.2);\">\n\t\t<ul class=\"slides\">\n\t\t\t\n\t\t\t\t\t\t\t\t\t\t\t\t\t\t<li><div  class=\"fusion-image-wrapper\" aria-haspopup=\"true\">\n\t\t\t\t\t\t\t<a href=\"https:\/\/ecolemathplus.com\/en\/2024\/07\/15\/the-art-of-teaching-math\/\" aria-label=\"The Art of Teaching Math\">\n\t\t\t\t\t\t\t<img decoding=\"async\" width=\"1500\" height=\"1000\" src=\"https:\/\/ecolemathplus.com\/wp-content\/uploads\/2024\/07\/AdobeStock_162417593.jpeg\" class=\"attachment-full size-full wp-post-image\" alt=\"Apprentissage personnalis\u00e9 des math\u00e9matiques \u00e0 l&#039;\u00c9cole Math Plus.\" srcset=\"https:\/\/ecolemathplus.com\/wp-content\/uploads\/2024\/07\/AdobeStock_162417593-200x133.jpeg 200w, https:\/\/ecolemathplus.com\/wp-content\/uploads\/2024\/07\/AdobeStock_162417593-400x267.jpeg 400w, https:\/\/ecolemathplus.com\/wp-content\/uploads\/2024\/07\/AdobeStock_162417593-600x400.jpeg 600w, https:\/\/ecolemathplus.com\/wp-content\/uploads\/2024\/07\/AdobeStock_162417593-800x533.jpeg 800w, https:\/\/ecolemathplus.com\/wp-content\/uploads\/2024\/07\/AdobeStock_162417593-1200x800.jpeg 1200w, https:\/\/ecolemathplus.com\/wp-content\/uploads\/2024\/07\/AdobeStock_162417593.jpeg 1500w\" sizes=\"(min-width: 2200px) 100vw, (min-width: 784px) 373px, (min-width: 712px) 560px, (min-width: 640px) 712px, \" \/>\t\t\t<\/a>\n\t\t\t\t\t\t\t<\/div>\n<\/li>\n\t\t\t\n\t\t\t\n\t\t\t\t\t\t\t\t\t\t\t\t\t\t\t\t\t\t\t\t\t\t\t\t\t\t\t\t\t\t\t\t\t\t\t\t\t\t\t\t\t\t\t\t\t\t\t\t\t\t\t\t\t\t\t\t\t\t\t\t\t\t\t\t\t\t\t\t<\/ul>\n\t<\/div>\n\t<div class=\"fusion-post-content-wrapper\" style=\"padding:30px 25px 25px 25px;\"><div class=\"fusion-post-content post-content\"><h2 class=\"blog-shortcode-post-title entry-title\"><a href=\"https:\/\/ecolemathplus.com\/en\/2024\/07\/15\/the-art-of-teaching-math\/\">The Art of Teaching Math<\/a><\/h2><div class=\"fusion-content-sep sep-none\"><\/div><div class=\"fusion-post-content-container\"><p>Mathematics, often hailed as the universal language, holds a unique place in the realm of education. From the simplicity of counting to the complexity of calculus, math [\u2026]<\/p>\n<\/div><\/div><div class=\"fusion-meta-info\"><div class=\"fusion-alignleft\"><a class=\"fusion-read-more\" href=\"https:\/\/ecolemathplus.com\/en\/2024\/07\/15\/the-art-of-teaching-math\/\" aria-label=\"More on The Art of Teaching Math\">Read More<\/a><\/div><\/div><\/div><div class=\"fusion-clearfix\"><\/div><\/div>\n<\/article>\n<article id=\"blog-1-post-1112\" class=\"fusion-post-grid post-1112 post type-post status-publish format-standard has-post-thumbnail hentry category-non-classifiee\">\n<div class=\"fusion-post-wrapper\" style=\"background-color:rgba(255,255,255,1);border:1px solid rgba(5,5,5,0.2);border-bottom-width:3px;\">\n\n\t\t\t<div class=\"fusion-flexslider flexslider fusion-flexslider-loading fusion-post-slideshow\" style=\"border-color:rgba(5,5,5,0.2);\">\n\t\t<ul class=\"slides\">\n\t\t\t\n\t\t\t\t\t\t\t\t\t\t\t\t\t\t<li><div  class=\"fusion-image-wrapper\" aria-haspopup=\"true\">\n\t\t\t\t\t\t\t<a href=\"https:\/\/ecolemathplus.com\/en\/2024\/07\/15\/a-timeless-tool-for-your-childs-learning-journey\/\" aria-label=\"A Timeless Tool for Your Child\u2019s Learning Journey\">\n\t\t\t\t\t\t\t<img decoding=\"async\" width=\"1500\" height=\"1001\" src=\"https:\/\/ecolemathplus.com\/wp-content\/uploads\/2024\/07\/AdobeStock_162644290.jpeg\" class=\"attachment-full size-full wp-post-image\" alt=\"\" srcset=\"https:\/\/ecolemathplus.com\/wp-content\/uploads\/2024\/07\/AdobeStock_162644290-200x133.jpeg 200w, https:\/\/ecolemathplus.com\/wp-content\/uploads\/2024\/07\/AdobeStock_162644290-400x267.jpeg 400w, https:\/\/ecolemathplus.com\/wp-content\/uploads\/2024\/07\/AdobeStock_162644290-600x400.jpeg 600w, https:\/\/ecolemathplus.com\/wp-content\/uploads\/2024\/07\/AdobeStock_162644290-800x534.jpeg 800w, https:\/\/ecolemathplus.com\/wp-content\/uploads\/2024\/07\/AdobeStock_162644290-1200x801.jpeg 1200w, https:\/\/ecolemathplus.com\/wp-content\/uploads\/2024\/07\/AdobeStock_162644290.jpeg 1500w\" sizes=\"(min-width: 2200px) 100vw, (min-width: 784px) 373px, (min-width: 712px) 560px, (min-width: 640px) 712px, \" \/>\t\t\t<\/a>\n\t\t\t\t\t\t\t<\/div>\n<\/li>\n\t\t\t\n\t\t\t\n\t\t\t\t\t\t\t\t\t\t\t\t\t\t\t\t\t\t\t\t\t\t\t\t\t\t\t\t\t\t\t\t\t\t\t\t\t\t\t\t\t\t\t\t\t\t\t\t\t\t\t\t\t\t\t\t\t\t\t\t\t\t\t\t\t\t\t\t<\/ul>\n\t<\/div>\n\t<div class=\"fusion-post-content-wrapper\" style=\"padding:30px 25px 25px 25px;\"><div class=\"fusion-post-content post-content\"><h2 class=\"blog-shortcode-post-title entry-title\"><a href=\"https:\/\/ecolemathplus.com\/en\/2024\/07\/15\/a-timeless-tool-for-your-childs-learning-journey\/\">A Timeless Tool for Your Child\u2019s Learning Journey<\/a><\/h2><div class=\"fusion-content-sep sep-none\"><\/div><div class=\"fusion-post-content-container\"><p>In the digital age, parents are constantly seeking effective educational tools for their children. One such tool, the Soroban Abacus, stands out for its simplicity and effectiveness [\u2026]<\/p>\n<\/div><\/div><div class=\"fusion-meta-info\"><div class=\"fusion-alignleft\"><a class=\"fusion-read-more\" href=\"https:\/\/ecolemathplus.com\/en\/2024\/07\/15\/a-timeless-tool-for-your-childs-learning-journey\/\" aria-label=\"More on A Timeless Tool for Your Child\u2019s Learning Journey\">Read More<\/a><\/div><\/div><\/div><div class=\"fusion-clearfix\"><\/div><\/div>\n<\/article>\n<div class=\"fusion-clearfix\"><\/div><\/div><\/div><\/div><\/div><\/div><\/div><\/p>\n","protected":false},"excerpt":{"rendered":"","protected":false},"author":5,"featured_media":0,"parent":0,"menu_order":0,"comment_status":"closed","ping_status":"closed","template":"100-width.php","meta":{"inline_featured_image":false,"footnotes":""},"class_list":["post-730","page","type-page","status-publish","hentry"],"yoast_head":"<!-- This site is optimized with the Yoast SEO plugin v25.7 - https:\/\/yoast.com\/wordpress\/plugins\/seo\/ -->\n<title>Math Homework Resources. Private Tutoring Tips in Montreal.<\/title>\n<meta name=\"description\" content=\"Learning tips and tricks to help your child do better in math in primary and secondary school. We provide online, private and group classes and tutoring for students of all ages.\" \/>\n<meta name=\"robots\" content=\"index, follow, max-snippet:-1, max-image-preview:large, max-video-preview:-1\" \/>\n<link rel=\"canonical\" href=\"https:\/\/ecolemathplus.com\/en\/blog\/\" \/>\n<meta property=\"og:locale\" content=\"en_US\" \/>\n<meta property=\"og:type\" content=\"article\" \/>\n<meta property=\"og:title\" content=\"Math Homework Resources. Private Tutoring Tips in Montreal.\" \/>\n<meta property=\"og:description\" content=\"Learning tips and tricks to help your child do better in math in primary and secondary school. We provide online, private and group classes and tutoring for students of all ages.\" \/>\n<meta property=\"og:url\" content=\"https:\/\/ecolemathplus.com\/en\/blog\/\" \/>\n<meta property=\"og:site_name\" content=\"MATH-PLUS\" \/>\n<meta property=\"article:modified_time\" content=\"2024-02-10T03:29:16+00:00\" \/>\n<meta name=\"twitter:card\" content=\"summary_large_image\" \/>\n<meta name=\"twitter:label1\" content=\"Est. reading time\" \/>\n\t<meta name=\"twitter:data1\" content=\"5 minutes\" \/>\n<script type=\"application\/ld+json\" class=\"yoast-schema-graph\">{\"@context\":\"https:\/\/schema.org\",\"@graph\":[{\"@type\":\"WebPage\",\"@id\":\"https:\/\/ecolemathplus.com\/en\/blog\/\",\"url\":\"https:\/\/ecolemathplus.com\/en\/blog\/\",\"name\":\"Math Homework Resources. Private Tutoring Tips in Montreal.\",\"isPartOf\":{\"@id\":\"https:\/\/ecolemathplus.com\/en\/#website\"},\"datePublished\":\"2024-02-08T03:58:57+00:00\",\"dateModified\":\"2024-02-10T03:29:16+00:00\",\"description\":\"Learning tips and tricks to help your child do better in math in primary and secondary school. We provide online, private and group classes and tutoring for students of all ages.\",\"breadcrumb\":{\"@id\":\"https:\/\/ecolemathplus.com\/en\/blog\/#breadcrumb\"},\"inLanguage\":\"en-US\",\"potentialAction\":[{\"@type\":\"ReadAction\",\"target\":[\"https:\/\/ecolemathplus.com\/en\/blog\/\"]}]},{\"@type\":\"BreadcrumbList\",\"@id\":\"https:\/\/ecolemathplus.com\/en\/blog\/#breadcrumb\",\"itemListElement\":[{\"@type\":\"ListItem\",\"position\":1,\"name\":\"Accueil\",\"item\":\"https:\/\/ecolemathplus.com\/en\/\"},{\"@type\":\"ListItem\",\"position\":2,\"name\":\"Blog\"}]},{\"@type\":\"WebSite\",\"@id\":\"https:\/\/ecolemathplus.com\/en\/#website\",\"url\":\"https:\/\/ecolemathplus.com\/en\/\",\"name\":\"MATH-PLUS\",\"description\":\"\",\"potentialAction\":[{\"@type\":\"SearchAction\",\"target\":{\"@type\":\"EntryPoint\",\"urlTemplate\":\"https:\/\/ecolemathplus.com\/en\/?s={search_term_string}\"},\"query-input\":{\"@type\":\"PropertyValueSpecification\",\"valueRequired\":true,\"valueName\":\"search_term_string\"}}],\"inLanguage\":\"en-US\"}]}<\/script>\n<!-- \/ Yoast SEO plugin. -->","yoast_head_json":{"title":"Math Homework Resources. Private Tutoring Tips in Montreal.","description":"Learning tips and tricks to help your child do better in math in primary and secondary school. We provide online, private and group classes and tutoring for students of all ages.","robots":{"index":"index","follow":"follow","max-snippet":"max-snippet:-1","max-image-preview":"max-image-preview:large","max-video-preview":"max-video-preview:-1"},"canonical":"https:\/\/ecolemathplus.com\/en\/blog\/","og_locale":"en_US","og_type":"article","og_title":"Math Homework Resources. Private Tutoring Tips in Montreal.","og_description":"Learning tips and tricks to help your child do better in math in primary and secondary school. We provide online, private and group classes and tutoring for students of all ages.","og_url":"https:\/\/ecolemathplus.com\/en\/blog\/","og_site_name":"MATH-PLUS","article_modified_time":"2024-02-10T03:29:16+00:00","twitter_card":"summary_large_image","twitter_misc":{"Est. reading time":"5 minutes"},"schema":{"@context":"https:\/\/schema.org","@graph":[{"@type":"WebPage","@id":"https:\/\/ecolemathplus.com\/en\/blog\/","url":"https:\/\/ecolemathplus.com\/en\/blog\/","name":"Math Homework Resources. Private Tutoring Tips in Montreal.","isPartOf":{"@id":"https:\/\/ecolemathplus.com\/en\/#website"},"datePublished":"2024-02-08T03:58:57+00:00","dateModified":"2024-02-10T03:29:16+00:00","description":"Learning tips and tricks to help your child do better in math in primary and secondary school. We provide online, private and group classes and tutoring for students of all ages.","breadcrumb":{"@id":"https:\/\/ecolemathplus.com\/en\/blog\/#breadcrumb"},"inLanguage":"en-US","potentialAction":[{"@type":"ReadAction","target":["https:\/\/ecolemathplus.com\/en\/blog\/"]}]},{"@type":"BreadcrumbList","@id":"https:\/\/ecolemathplus.com\/en\/blog\/#breadcrumb","itemListElement":[{"@type":"ListItem","position":1,"name":"Accueil","item":"https:\/\/ecolemathplus.com\/en\/"},{"@type":"ListItem","position":2,"name":"Blog"}]},{"@type":"WebSite","@id":"https:\/\/ecolemathplus.com\/en\/#website","url":"https:\/\/ecolemathplus.com\/en\/","name":"MATH-PLUS","description":"","potentialAction":[{"@type":"SearchAction","target":{"@type":"EntryPoint","urlTemplate":"https:\/\/ecolemathplus.com\/en\/?s={search_term_string}"},"query-input":{"@type":"PropertyValueSpecification","valueRequired":true,"valueName":"search_term_string"}}],"inLanguage":"en-US"}]}},"_links":{"self":[{"href":"https:\/\/ecolemathplus.com\/en\/wp-json\/wp\/v2\/pages\/730","targetHints":{"allow":["GET"]}}],"collection":[{"href":"https:\/\/ecolemathplus.com\/en\/wp-json\/wp\/v2\/pages"}],"about":[{"href":"https:\/\/ecolemathplus.com\/en\/wp-json\/wp\/v2\/types\/page"}],"author":[{"embeddable":true,"href":"https:\/\/ecolemathplus.com\/en\/wp-json\/wp\/v2\/users\/5"}],"replies":[{"embeddable":true,"href":"https:\/\/ecolemathplus.com\/en\/wp-json\/wp\/v2\/comments?post=730"}],"version-history":[{"count":8,"href":"https:\/\/ecolemathplus.com\/en\/wp-json\/wp\/v2\/pages\/730\/revisions"}],"predecessor-version":[{"id":1007,"href":"https:\/\/ecolemathplus.com\/en\/wp-json\/wp\/v2\/pages\/730\/revisions\/1007"}],"wp:attachment":[{"href":"https:\/\/ecolemathplus.com\/en\/wp-json\/wp\/v2\/media?parent=730"}],"curies":[{"name":"wp","href":"https:\/\/api.w.org\/{rel}","templated":true}]}}